{"id":10,"date":"2013-09-17T11:29:55","date_gmt":"2013-09-17T09:29:55","guid":{"rendered":"http:\/\/ra-reichholf.at\/wordpress\/?page_id=10"},"modified":"2019-08-29T13:04:01","modified_gmt":"2019-08-29T11:04:01","slug":"publikationen","status":"publish","type":"page","link":"http:\/\/ra-reichholf.at\/wordpress\/?page_id=10","title":{"rendered":"Publikationen"},"content":{"rendered":"<p>&nbsp;<\/p>\n<h2>Studien der Arbeiterkammer Wien<\/h2>\n<ul>\n<li><a href=\"http:\/\/www.arbeiterkammer.at\/service\/studien\/wohnen\/Gesetzeswidrige_Bestimmungen_in_Bautraegervertraegen.html\" target=\"_blank\">Gesetzwidrige Bestimmungen in Bautr\u00e4gervertr\u00e4gen<\/a><\/li>\n<li><a href=\"http:\/\/www.arbeiterkammer.at\/service\/studien\/wohnen\/Gesetzwidrige_Vertragsbestimmungen_in_Wohnungsmietvertraege.html\" target=\"_blank\">Gesetzwidrige Vertragsbestimmungen in Wohnungsmietvertr\u00e4gen<\/a><\/li>\n<\/ul>\n<p>&nbsp;<\/p>\n<p><strong>Fachartikel<\/strong><\/p>\n<ul>\n<li><a href=\"https:\/\/rdb.manz.at\/document\/rdb.tso.LIvbr20170106\" target=\"_blank\">Walter Reichholf, \u00dcberlegungen zum G\u00fcnstigkeitsprinzip gem Art 6 Abs 2 Rom\u00a0 I-VO, VbR 2017\/6<\/a><\/li>\n<li><a href=\"https:\/\/rdb.manz.at\/document\/rdb.tso.LIvbr20160504\" target=\"_blank\">Reichholf-Kogler\/Reichholf, Kreditbearbeitungsgeb\u00fchr-kontrollfreie Hauptleistung? VbR 2016\/92<\/a><\/li>\n<li><a href=\"https:\/\/rdb.manz.at\/document\/rdb.tso.LIimmolex20120513\" target=\"_blank\">Walter Reichholf, zum Begriff der &#8222;sinngleichen Klausel&#8220; im Rahmen der Klausel\u00fcberpr\u00fcfung nach \u00a7\u00a7 28 ff KSchG, immolex 5\/2012<\/a><\/li>\n<\/ul>\n","protected":false},"excerpt":{"rendered":"<p>&nbsp; Studien der Arbeiterkammer Wien Gesetzwidrige Bestimmungen in Bautr\u00e4gervertr\u00e4gen Gesetzwidrige Vertragsbestimmungen in Wohnungsmietvertr\u00e4gen &nbsp; Fachartikel Walter Reichholf, \u00dcberlegungen zum G\u00fcnstigkeitsprinzip gem Art 6 Abs 2 Rom\u00a0 I-VO, VbR 2017\/6 Reichholf-Kogler\/Reichholf, Kreditbearbeitungsgeb\u00fchr-kontrollfreie Hauptleistung? VbR 2016\/92 Walter Reichholf, zum Begriff der &#8222;sinngleichen Klausel&#8220; im Rahmen der Klausel\u00fcberpr\u00fcfung nach \u00a7\u00a7 28 ff KSchG, immolex 5\/2012<\/p>\n","protected":false},"author":1,"featured_media":0,"parent":0,"menu_order":5,"comment_status":"closed","ping_status":"closed","template":"","meta":[],"_links":{"self":[{"href":"http:\/\/ra-reichholf.at\/wordpress\/index.php?rest_route=\/wp\/v2\/pages\/10"}],"collection":[{"href":"http:\/\/ra-reichholf.at\/wordpress\/index.php?rest_route=\/wp\/v2\/pages"}],"about":[{"href":"http:\/\/ra-reichholf.at\/wordpress\/index.php?rest_route=\/wp\/v2\/types\/page"}],"author":[{"embeddable":true,"href":"http:\/\/ra-reichholf.at\/wordpress\/index.php?rest_route=\/wp\/v2\/users\/1"}],"replies":[{"embeddable":true,"href":"http:\/\/ra-reichholf.at\/wordpress\/index.php?rest_route=%2Fwp%2Fv2%2Fcomments&post=10"}],"version-history":[{"count":24,"href":"http:\/\/ra-reichholf.at\/wordpress\/index.php?rest_route=\/wp\/v2\/pages\/10\/revisions"}],"predecessor-version":[{"id":223,"href":"http:\/\/ra-reichholf.at\/wordpress\/index.php?rest_route=\/wp\/v2\/pages\/10\/revisions\/223"}],"wp:attachment":[{"href":"http:\/\/ra-reichholf.at\/wordpress\/index.php?rest_route=%2Fwp%2Fv2%2Fmedia&parent=10"}],"curies":[{"name":"wp","href":"https:\/\/api.w.org\/{rel}","templated":true}]}}