{"id":26,"date":"2013-09-17T14:14:34","date_gmt":"2013-09-17T12:14:34","guid":{"rendered":"http:\/\/ra-reichholf.at\/wordpress\/?page_id=26"},"modified":"2023-03-17T18:07:49","modified_gmt":"2023-03-17T16:07:49","slug":"home","status":"publish","type":"page","link":"http:\/\/ra-reichholf.at\/wordpress\/","title":{"rendered":"Home"},"content":{"rendered":"<p><img loading=\"lazy\" class=\"alignnone size-full wp-image-1842\" src=\"http:\/\/ra-reichholf.at\/wordpress\/wp-content\/uploads\/WalterReichholf.jpg\" alt=\"WalterReichholf\" width=\"192\" height=\"246\" \/><\/p>\n<h2><b>Dr. Walter Reichholf<\/b><\/h2>\n<ul>\n<li>geb. 1960 in Wien<\/li>\n<li>Studium der Rechtswissenschaften an der Universit\u00e4t Wien<\/li>\n<li>seit 1990 eingetragener Rechtsanwalt in Wien<\/li>\n<li>Beratung und Vertretung in allen zivilrechtlichen Angelegenheiten<\/li>\n<li>st\u00e4ndiger Vertrauensanwalt der Arbeiterkammer Wien, Abteilung<br \/>\nf\u00fcr Konsumentenpolitik<\/li>\n<li>st\u00e4ndiger Vertrauensanwalt der Arbeiterkammer Wien, Abteilung<br \/>\nKommunalpolitik<\/li>\n<li>Studienautor, Vortragst\u00e4tigkeit<\/li>\n<\/ul>\n<h2><b>Kanzleiprofil:<\/b><\/h2>\n<p style=\"text-align: justify;\">Als erfahrener und versierter, prim\u00e4r im zivilrechtlichen Bereich t\u00e4tiger Vertrags- und Prozessanwalt betreue ich meine Klienten juristisch weitgehend pers\u00f6nlich. Ich bin f\u00fcr Institutionen im \u00f6ffentlichen Bereich, die meine Expertisen im Rahmen von Musterprozessen und Verbandsklagen sch\u00e4tzen, ebenso t\u00e4tig wie f\u00fcr Private, Freiberufler und kleinere Unternehmen.<\/p>\n<p style=\"text-align: justify;\">Sie d\u00fcrfen sich profunde Rechtsberatung und Vertretung sowie seri\u00f6se Vertragsgestaltung und Abwicklung erwarten. L\u00e4sst sich ein Gerichtsverfahren nicht vermeiden, erhalten Sie nach einer umfassenden Beratung \u00fcber die Prozessaussichten und das Kostenrisiko eine kompetente und effiziente Vertretung vor Gericht. Unter dem Titel \u201eEntscheidungen\u201c finden Sie eine kleine Auswahl an von mir erwirkten h\u00f6chstgerichtlichen Entscheidungen.<\/p>\n<p style=\"text-align: justify;\">Gerne stehe ich Ihnen nach Terminvereinbarung f\u00fcr ein pers\u00f6nliches Beratungsgespr\u00e4ch zur Verf\u00fcgung.<\/p>\n","protected":false},"excerpt":{"rendered":"<p>Dr. Walter Reichholf geb. 1960 in Wien Studium der Rechtswissenschaften an der Universit\u00e4t Wien seit 1990 eingetragener Rechtsanwalt in Wien Beratung und Vertretung in allen zivilrechtlichen Angelegenheiten st\u00e4ndiger Vertrauensanwalt der Arbeiterkammer Wien, Abteilung f\u00fcr Konsumentenpolitik st\u00e4ndiger Vertrauensanwalt der Arbeiterkammer Wien, Abteilung Kommunalpolitik Studienautor, Vortragst\u00e4tigkeit Kanzleiprofil: Als erfahrener und versierter, prim\u00e4r im zivilrechtlichen Bereich t\u00e4tiger Vertrags- [&hellip;]<\/p>\n","protected":false},"author":1,"featured_media":0,"parent":0,"menu_order":1,"comment_status":"closed","ping_status":"closed","template":"","meta":[],"_links":{"self":[{"href":"http:\/\/ra-reichholf.at\/wordpress\/index.php?rest_route=\/wp\/v2\/pages\/26"}],"collection":[{"href":"http:\/\/ra-reichholf.at\/wordpress\/index.php?rest_route=\/wp\/v2\/pages"}],"about":[{"href":"http:\/\/ra-reichholf.at\/wordpress\/index.php?rest_route=\/wp\/v2\/types\/page"}],"author":[{"embeddable":true,"href":"http:\/\/ra-reichholf.at\/wordpress\/index.php?rest_route=\/wp\/v2\/users\/1"}],"replies":[{"embeddable":true,"href":"http:\/\/ra-reichholf.at\/wordpress\/index.php?rest_route=%2Fwp%2Fv2%2Fcomments&post=26"}],"version-history":[{"count":29,"href":"http:\/\/ra-reichholf.at\/wordpress\/index.php?rest_route=\/wp\/v2\/pages\/26\/revisions"}],"predecessor-version":[{"id":2156,"href":"http:\/\/ra-reichholf.at\/wordpress\/index.php?rest_route=\/wp\/v2\/pages\/26\/revisions\/2156"}],"wp:attachment":[{"href":"http:\/\/ra-reichholf.at\/wordpress\/index.php?rest_route=%2Fwp%2Fv2%2Fmedia&parent=26"}],"curies":[{"name":"wp","href":"https:\/\/api.w.org\/{rel}","templated":true}]}}