{"id":8,"date":"2013-09-17T11:29:10","date_gmt":"2013-09-17T09:29:10","guid":{"rendered":"http:\/\/ra-reichholf.at\/wordpress\/?page_id=8"},"modified":"2013-10-06T16:39:06","modified_gmt":"2013-10-06T14:39:06","slug":"presse","status":"publish","type":"page","link":"http:\/\/ra-reichholf.at\/wordpress\/?page_id=8","title":{"rendered":"Presse"},"content":{"rendered":"<ul>\n<li><a href=\"http:\/\/ra-reichholf.at\/wordpress\/wp-content\/uploads\/1999120.pdf\">1999-12-02  KURIER_Telekabel klagte 15-j\u00e4hrige und verlor<\/a><\/li>\n<li><a href=\"http:\/\/ra-reichholf.at\/wordpress\/wp-content\/uploads\/20070508.pdf\">2007-05-08  DiePresse_Kreditnehmer gr\u00f6blich benachteiligt<\/a><\/li>\n<li><a href=\"http:\/\/ra-reichholf.at\/wordpress\/wp-content\/uploads\/20070929.pdf\">2007-09-29  KronenZeitung_Urteilsver\u00f6ffentlichung BAK gg. FachruppeWien der Immobilien -u.Verm\u00f6genstreuh\u00e4nder<\/a><\/li>\n<li><a href=\"http:\/\/ra-reichholf.at\/wordpress\/wp-content\/uploads\/20080415.pdf\">2008-04-15  KURIER_Lauwarme Dusche f\u00fcr die Mieter<\/a><\/li>\n<li><a href=\"http:\/\/ra-reichholf.at\/wordpress\/wp-content\/uploads\/20091028.pdf\">2009-10-28  KURIER_Anleger bringen AvW vor Richter<\/a><\/li>\n<li><a href=\"http:\/\/ra-reichholf.at\/wordpress\/wp-content\/uploads\/20100615.pdf\">2010-06-15  Wiener Zeitung Online_In Angst um die Gunst des Stifts<\/a><\/li>\n<li><a href=\"http:\/\/ra-reichholf.at\/wordpress\/wp-content\/uploads\/20120406.pdf\">2012-04-06  Immobilien.DiePresse_Verstaubt und d\u00fcster, aber begehrt<\/a><\/li>\n<li><a href=\"http:\/\/ra-reichholf.at\/wordpress\/wp-content\/uploads\/20120627.pdf\">2012-06-27  Wiener Zeitung Online_AvW-Anleger punktet im Musterprozess<\/a><\/li>\n<li><a href=\"http:\/\/ra-reichholf.at\/wordpress\/wp-content\/uploads\/20120715.pdf\">2012-07-15  DiePresse_Klosterneuburg &#8211; OGH best\u00e4tigt gelebte Praxis<\/a><\/li>\n<\/ul>\n<p>&nbsp;<\/p>\n","protected":false},"excerpt":{"rendered":"<p>1999-12-02 KURIER_Telekabel klagte 15-j\u00e4hrige und verlor 2007-05-08 DiePresse_Kreditnehmer gr\u00f6blich benachteiligt 2007-09-29 KronenZeitung_Urteilsver\u00f6ffentlichung BAK gg. FachruppeWien der Immobilien -u.Verm\u00f6genstreuh\u00e4nder 2008-04-15 KURIER_Lauwarme Dusche f\u00fcr die Mieter 2009-10-28 KURIER_Anleger bringen AvW vor Richter 2010-06-15 Wiener Zeitung Online_In Angst um die Gunst des Stifts 2012-04-06 Immobilien.DiePresse_Verstaubt und d\u00fcster, aber begehrt 2012-06-27 Wiener Zeitung Online_AvW-Anleger punktet im Musterprozess 2012-07-15 DiePresse_Klosterneuburg [&hellip;]<\/p>\n","protected":false},"author":1,"featured_media":0,"parent":0,"menu_order":4,"comment_status":"closed","ping_status":"closed","template":"","meta":[],"_links":{"self":[{"href":"http:\/\/ra-reichholf.at\/wordpress\/index.php?rest_route=\/wp\/v2\/pages\/8"}],"collection":[{"href":"http:\/\/ra-reichholf.at\/wordpress\/index.php?rest_route=\/wp\/v2\/pages"}],"about":[{"href":"http:\/\/ra-reichholf.at\/wordpress\/index.php?rest_route=\/wp\/v2\/types\/page"}],"author":[{"embeddable":true,"href":"http:\/\/ra-reichholf.at\/wordpress\/index.php?rest_route=\/wp\/v2\/users\/1"}],"replies":[{"embeddable":true,"href":"http:\/\/ra-reichholf.at\/wordpress\/index.php?rest_route=%2Fwp%2Fv2%2Fcomments&post=8"}],"version-history":[{"count":16,"href":"http:\/\/ra-reichholf.at\/wordpress\/index.php?rest_route=\/wp\/v2\/pages\/8\/revisions"}],"predecessor-version":[{"id":78,"href":"http:\/\/ra-reichholf.at\/wordpress\/index.php?rest_route=\/wp\/v2\/pages\/8\/revisions\/78"}],"wp:attachment":[{"href":"http:\/\/ra-reichholf.at\/wordpress\/index.php?rest_route=%2Fwp%2Fv2%2Fmedia&parent=8"}],"curies":[{"name":"wp","href":"https:\/\/api.w.org\/{rel}","templated":true}]}}